{"id":44,"date":"2023-09-04T16:29:07","date_gmt":"2023-09-04T19:29:07","guid":{"rendered":"https:\/\/terraadubada.byjeff.com.br\/?post_type=product&#038;p=44"},"modified":"2023-09-28T16:14:25","modified_gmt":"2023-09-28T19:14:25","slug":"alface-lisa","status":"publish","type":"product","link":"https:\/\/terraadubada.byjeff.com.br\/index.php\/product\/alface-lisa\/","title":{"rendered":"Alface Lisa"},"content":{"rendered":"","protected":false},"excerpt":{"rendered":"<p>Alface lisa, produto fresco, direto do produtor para sua mesa. Uma hortali\u00e7a pouco cal\u00f3rica, com sabor leve e suave, n\u00e3o possui a croc\u00e2ncia da alface crespa. Rica em c\u00e1lcio e pot\u00e1ssio. Uma das mais consumidas pelos brasileiros.<\/p>\n","protected":false},"featured_media":45,"comment_status":"closed","ping_status":"closed","template":"","meta":[],"product_cat":[15,20],"product_tag":[],"_links":{"self":[{"href":"https:\/\/terraadubada.byjeff.com.br\/index.php\/wp-json\/wp\/v2\/product\/44"}],"collection":[{"href":"https:\/\/terraadubada.byjeff.com.br\/index.php\/wp-json\/wp\/v2\/product"}],"about":[{"href":"https:\/\/terraadubada.byjeff.com.br\/index.php\/wp-json\/wp\/v2\/types\/product"}],"replies":[{"embeddable":true,"href":"https:\/\/terraadubada.byjeff.com.br\/index.php\/wp-json\/wp\/v2\/comments?post=44"}],"wp:featuredmedia":[{"embeddable":true,"href":"https:\/\/terraadubada.byjeff.com.br\/index.php\/wp-json\/wp\/v2\/media\/45"}],"wp:attachment":[{"href":"https:\/\/terraadubada.byjeff.com.br\/index.php\/wp-json\/wp\/v2\/media?parent=44"}],"wp:term":[{"taxonomy":"product_cat","embeddable":true,"href":"https:\/\/terraadubada.byjeff.com.br\/index.php\/wp-json\/wp\/v2\/product_cat?post=44"},{"taxonomy":"product_tag","embeddable":true,"href":"https:\/\/terraadubada.byjeff.com.br\/index.php\/wp-json\/wp\/v2\/product_tag?post=44"}],"curies":[{"name":"wp","href":"https:\/\/api.w.org\/{rel}","templated":true}]}}