{"id":104,"date":"2023-09-05T12:24:39","date_gmt":"2023-09-05T15:24:39","guid":{"rendered":"https:\/\/terraadubada.byjeff.com.br\/?post_type=product&#038;p=104"},"modified":"2023-09-28T16:13:47","modified_gmt":"2023-09-28T19:13:47","slug":"coentro","status":"publish","type":"product","link":"https:\/\/terraadubada.byjeff.com.br\/index.php\/product\/coentro\/","title":{"rendered":"Coentro"},"content":{"rendered":"","protected":false},"excerpt":{"rendered":"<p>Esta planta que exala um odor caracter\u00edstico, muito utilizada na cozinha indiana e \u00e1rabe, no Brasil \u00e9 mais comum na culin\u00e1ria brasileira nordestina e na regi\u00e3o norte.\u00a0Al\u00e9m do sabor \u00fanico, tamb\u00e9m \u00e9 excelente fonte de antioxidantes, pode reduzir fatores de risco para doen\u00e7as card\u00edacas e ajuda a reduzir os n\u00edveis de a\u00e7\u00facar no sangue.<\/p>\n","protected":false},"featured_media":105,"comment_status":"closed","ping_status":"closed","template":"","meta":[],"product_cat":[15,20],"product_tag":[],"_links":{"self":[{"href":"https:\/\/terraadubada.byjeff.com.br\/index.php\/wp-json\/wp\/v2\/product\/104"}],"collection":[{"href":"https:\/\/terraadubada.byjeff.com.br\/index.php\/wp-json\/wp\/v2\/product"}],"about":[{"href":"https:\/\/terraadubada.byjeff.com.br\/index.php\/wp-json\/wp\/v2\/types\/product"}],"replies":[{"embeddable":true,"href":"https:\/\/terraadubada.byjeff.com.br\/index.php\/wp-json\/wp\/v2\/comments?post=104"}],"wp:featuredmedia":[{"embeddable":true,"href":"https:\/\/terraadubada.byjeff.com.br\/index.php\/wp-json\/wp\/v2\/media\/105"}],"wp:attachment":[{"href":"https:\/\/terraadubada.byjeff.com.br\/index.php\/wp-json\/wp\/v2\/media?parent=104"}],"wp:term":[{"taxonomy":"product_cat","embeddable":true,"href":"https:\/\/terraadubada.byjeff.com.br\/index.php\/wp-json\/wp\/v2\/product_cat?post=104"},{"taxonomy":"product_tag","embeddable":true,"href":"https:\/\/terraadubada.byjeff.com.br\/index.php\/wp-json\/wp\/v2\/product_tag?post=104"}],"curies":[{"name":"wp","href":"https:\/\/api.w.org\/{rel}","templated":true}]}}