{"id":102,"date":"2023-09-05T12:17:05","date_gmt":"2023-09-05T15:17:05","guid":{"rendered":"https:\/\/terraadubada.byjeff.com.br\/?post_type=product&#038;p=102"},"modified":"2023-09-28T16:13:57","modified_gmt":"2023-09-28T19:13:57","slug":"rucula","status":"publish","type":"product","link":"https:\/\/terraadubada.byjeff.com.br\/index.php\/product\/rucula\/","title":{"rendered":"R\u00facula"},"content":{"rendered":"","protected":false},"excerpt":{"rendered":"<p>A R\u00facula \u00e9 uma das folhas queridinha dos brasileiros! Tem sabor levemente amargo e folhas finas, podendo ser utilizada em saladas frias, pizzas, molhos (incluindo o molho pesto) e acompanhamento para carnes. A R\u00facula \u00e9 utilizada a milhares de anos para a alimenta\u00e7\u00e3o humana e, desde ent\u00e3o, sempre teve seu consumo associado \u00e0 caracter\u00edsticas afrodis\u00edacas. Al\u00e9m desse &#8220;super-poder&#8221;, a R\u00facula tamb\u00e9m \u00e9 super rica em vitamina K, antioxidantes e fibras alimentares.<\/p>\n","protected":false},"featured_media":103,"comment_status":"closed","ping_status":"closed","template":"","meta":[],"product_cat":[15,20],"product_tag":[],"_links":{"self":[{"href":"https:\/\/terraadubada.byjeff.com.br\/index.php\/wp-json\/wp\/v2\/product\/102"}],"collection":[{"href":"https:\/\/terraadubada.byjeff.com.br\/index.php\/wp-json\/wp\/v2\/product"}],"about":[{"href":"https:\/\/terraadubada.byjeff.com.br\/index.php\/wp-json\/wp\/v2\/types\/product"}],"replies":[{"embeddable":true,"href":"https:\/\/terraadubada.byjeff.com.br\/index.php\/wp-json\/wp\/v2\/comments?post=102"}],"wp:featuredmedia":[{"embeddable":true,"href":"https:\/\/terraadubada.byjeff.com.br\/index.php\/wp-json\/wp\/v2\/media\/103"}],"wp:attachment":[{"href":"https:\/\/terraadubada.byjeff.com.br\/index.php\/wp-json\/wp\/v2\/media?parent=102"}],"wp:term":[{"taxonomy":"product_cat","embeddable":true,"href":"https:\/\/terraadubada.byjeff.com.br\/index.php\/wp-json\/wp\/v2\/product_cat?post=102"},{"taxonomy":"product_tag","embeddable":true,"href":"https:\/\/terraadubada.byjeff.com.br\/index.php\/wp-json\/wp\/v2\/product_tag?post=102"}],"curies":[{"name":"wp","href":"https:\/\/api.w.org\/{rel}","templated":true}]}}